{"id":1029,"date":"2015-02-03T19:00:37","date_gmt":"2015-02-03T19:00:37","guid":{"rendered":"https:\/\/www.liisbet.ee\/tooted-2\/"},"modified":"2022-01-28T15:16:49","modified_gmt":"2022-01-28T13:16:49","slug":"paatuotteet","status":"publish","type":"page","link":"https:\/\/www.liisbet.ee\/fi\/paatuotteet\/","title":{"rendered":"P\u00e4\u00e4tuotteet"},"content":{"rendered":"<p><img loading=\"lazy\" decoding=\"async\" class=\"alignleft size-full wp-image-1254\" src=\"https:\/\/www.liisbet.ee\/wp-content\/uploads\/karkassi-jaseinaelemendid.jpg\" alt=\"karkassi-jaseinaelemendid\" width=\"178\" height=\"100\" srcset=\"https:\/\/www.liisbet.ee\/wp-content\/uploads\/karkassi-jaseinaelemendid.jpg 178w, https:\/\/www.liisbet.ee\/wp-content\/uploads\/karkassi-jaseinaelemendid-50x28.jpg 50w, https:\/\/www.liisbet.ee\/wp-content\/uploads\/karkassi-jaseinaelemendid-134x75.jpg 134w\" sizes=\"(max-width:767px) 178px, 178px\" \/><strong><br \/>\nRunko- ja sein\u00e4elementit<\/strong><\/p>\n<p>P\u00e4\u00e4tuotteitamme ovat parvekkeet, pilarit, paalut, palkit, yksi- ja kolmekerroksiset sokkelielementit, perustukset ja palkkiharkot.<\/p>\n<p>&nbsp;<\/p>\n<p><img loading=\"lazy\" decoding=\"async\" class=\"alignleft size-full wp-image-1255\" src=\"https:\/\/www.liisbet.ee\/wp-content\/uploads\/spetsiaalvundamendid.jpg\" alt=\"spetsiaalvundamendid\" width=\"178\" height=\"100\" srcset=\"https:\/\/www.liisbet.ee\/wp-content\/uploads\/spetsiaalvundamendid.jpg 178w, https:\/\/www.liisbet.ee\/wp-content\/uploads\/spetsiaalvundamendid-50x28.jpg 50w, https:\/\/www.liisbet.ee\/wp-content\/uploads\/spetsiaalvundamendid-134x75.jpg 134w\" sizes=\"(max-width:767px) 178px, 178px\" \/><strong><br \/>\nPerustuselementit erikoistilauksesta<\/strong><\/p>\n<p>Valmistamme muoteissa perustuselementtej\u00e4 moduuli- ja kantaverkkojen s\u00e4hk\u00f6asemiin.<\/p>\n<p>&nbsp;<\/p>\n<p>&nbsp;<\/p>\n<p><img loading=\"lazy\" decoding=\"async\" class=\"alignleft size-full wp-image-1256\" src=\"https:\/\/www.liisbet.ee\/wp-content\/uploads\/trepid.jpg\" alt=\"trepid\" width=\"178\" height=\"100\" srcset=\"https:\/\/www.liisbet.ee\/wp-content\/uploads\/trepid.jpg 178w, https:\/\/www.liisbet.ee\/wp-content\/uploads\/trepid-50x28.jpg 50w, https:\/\/www.liisbet.ee\/wp-content\/uploads\/trepid-134x75.jpg 134w\" sizes=\"(max-width:767px) 178px, 178px\" \/><strong><br \/>\nPortaat<\/strong><\/p>\n<p>Valmistamme erilaisia suoria, molemmin puolin tasanteilla varustettuja, kierreportaita.<\/p>\n<p>&nbsp;<\/p>\n<p>&nbsp;<\/p>\n<p><img loading=\"lazy\" decoding=\"async\" class=\"alignleft size-full wp-image-1257\" src=\"https:\/\/www.liisbet.ee\/wp-content\/uploads\/muud-tooted.jpg\" alt=\"muud-tooted\" width=\"178\" height=\"100\" srcset=\"https:\/\/www.liisbet.ee\/wp-content\/uploads\/muud-tooted.jpg 178w, https:\/\/www.liisbet.ee\/wp-content\/uploads\/muud-tooted-50x28.jpg 50w, https:\/\/www.liisbet.ee\/wp-content\/uploads\/muud-tooted-134x75.jpg 134w\" sizes=\"(max-width:767px) 178px, 178px\" \/><strong><br \/>\nMuut tuotteet<\/strong><\/p>\n<p>Kattolistat, irtotavaran s\u00e4ilytyspaikan reunamuurit, mainoskylttien alustat, kaivot, anturat, laiteperustukset jne.<\/p>\n<p>&nbsp;<\/p>\n","protected":false},"excerpt":{"rendered":"<p>Runko- ja sein\u00e4elementit P\u00e4\u00e4tuotteitamme ovat parvekkeet, pilarit, paalut, palkit, yksi- ja kolmekerroksiset sokkelielementit, perustukset ja palkkiharkot. &nbsp; Perustuselementit erikoistilauksesta Valmistamme muoteissa perustuselementtej\u00e4 moduuli- ja kantaverkkojen s\u00e4hk\u00f6asemiin.<span class=\"excerpt-hellip\"> [\u2026]<\/span><\/p>\n","protected":false},"author":1,"featured_media":0,"parent":0,"menu_order":0,"comment_status":"closed","ping_status":"closed","template":"","meta":{"ngg_post_thumbnail":0,"footnotes":""},"class_list":["post-1029","page","type-page","status-publish","hentry"],"yoast_head":"<!-- This site is optimized with the Yoast SEO plugin v23.7 - https:\/\/yoast.com\/wordpress\/plugins\/seo\/ -->\n<title>P\u00e4\u00e4tuotteet - Liisbet Betoon<\/title>\n<meta name=\"robots\" content=\"index, follow, max-snippet:-1, max-image-preview:large, max-video-preview:-1\" \/>\n<link rel=\"canonical\" href=\"https:\/\/www.liisbet.ee\/fi\/paatuotteet\/\" \/>\n<meta property=\"og:locale\" content=\"fi_FI\" \/>\n<meta property=\"og:type\" content=\"article\" \/>\n<meta property=\"og:title\" content=\"P\u00e4\u00e4tuotteet - Liisbet Betoon\" \/>\n<meta property=\"og:description\" content=\"Runko- ja sein\u00e4elementit P\u00e4\u00e4tuotteitamme ovat parvekkeet, pilarit, paalut, palkit, yksi- ja kolmekerroksiset sokkelielementit, perustukset ja palkkiharkot. &nbsp; Perustuselementit erikoistilauksesta Valmistamme muoteissa perustuselementtej\u00e4 moduuli- ja kantaverkkojen s\u00e4hk\u00f6asemiin. [\u2026]\" \/>\n<meta property=\"og:url\" content=\"https:\/\/www.liisbet.ee\/fi\/paatuotteet\/\" \/>\n<meta property=\"og:site_name\" content=\"Liisbet Betoon\" \/>\n<meta property=\"article:modified_time\" content=\"2022-01-28T13:16:49+00:00\" \/>\n<meta property=\"og:image\" content=\"https:\/\/www.liisbet.ee\/wp-content\/uploads\/karkassi-jaseinaelemendid.jpg\" \/>\n<meta name=\"twitter:card\" content=\"summary_large_image\" \/>\n<script type=\"application\/ld+json\" class=\"yoast-schema-graph\">{\"@context\":\"https:\/\/schema.org\",\"@graph\":[{\"@type\":\"WebPage\",\"@id\":\"https:\/\/www.liisbet.ee\/fi\/paatuotteet\/\",\"url\":\"https:\/\/www.liisbet.ee\/fi\/paatuotteet\/\",\"name\":\"P\u00e4\u00e4tuotteet - Liisbet Betoon\",\"isPartOf\":{\"@id\":\"https:\/\/liisbet.ee\/#website\"},\"primaryImageOfPage\":{\"@id\":\"https:\/\/www.liisbet.ee\/fi\/paatuotteet\/#primaryimage\"},\"image\":{\"@id\":\"https:\/\/www.liisbet.ee\/fi\/paatuotteet\/#primaryimage\"},\"thumbnailUrl\":\"https:\/\/www.liisbet.ee\/wp-content\/uploads\/karkassi-jaseinaelemendid.jpg\",\"datePublished\":\"2015-02-03T19:00:37+00:00\",\"dateModified\":\"2022-01-28T13:16:49+00:00\",\"breadcrumb\":{\"@id\":\"https:\/\/www.liisbet.ee\/fi\/paatuotteet\/#breadcrumb\"},\"inLanguage\":\"fi\",\"potentialAction\":[{\"@type\":\"ReadAction\",\"target\":[\"https:\/\/www.liisbet.ee\/fi\/paatuotteet\/\"]}]},{\"@type\":\"ImageObject\",\"inLanguage\":\"fi\",\"@id\":\"https:\/\/www.liisbet.ee\/fi\/paatuotteet\/#primaryimage\",\"url\":\"https:\/\/www.liisbet.ee\/wp-content\/uploads\/karkassi-jaseinaelemendid.jpg\",\"contentUrl\":\"https:\/\/www.liisbet.ee\/wp-content\/uploads\/karkassi-jaseinaelemendid.jpg\"},{\"@type\":\"BreadcrumbList\",\"@id\":\"https:\/\/www.liisbet.ee\/fi\/paatuotteet\/#breadcrumb\",\"itemListElement\":[{\"@type\":\"ListItem\",\"position\":1,\"name\":\"Home\",\"item\":\"https:\/\/www.liisbet.ee\/fi\/\"},{\"@type\":\"ListItem\",\"position\":2,\"name\":\"P\u00e4\u00e4tuotteet\"}]},{\"@type\":\"WebSite\",\"@id\":\"https:\/\/liisbet.ee\/#website\",\"url\":\"https:\/\/liisbet.ee\/\",\"name\":\"Liisbet Betoon\",\"description\":\"\",\"publisher\":{\"@id\":\"https:\/\/liisbet.ee\/#organization\"},\"potentialAction\":[{\"@type\":\"SearchAction\",\"target\":{\"@type\":\"EntryPoint\",\"urlTemplate\":\"https:\/\/liisbet.ee\/?s={search_term_string}\"},\"query-input\":{\"@type\":\"PropertyValueSpecification\",\"valueRequired\":true,\"valueName\":\"search_term_string\"}}],\"inLanguage\":\"fi\"},{\"@type\":\"Organization\",\"@id\":\"https:\/\/liisbet.ee\/#organization\",\"name\":\"Liisbet Betoon\",\"url\":\"https:\/\/liisbet.ee\/\",\"logo\":{\"@type\":\"ImageObject\",\"inLanguage\":\"fi\",\"@id\":\"https:\/\/liisbet.ee\/#\/schema\/logo\/image\/\",\"url\":\"https:\/\/www.liisbet.ee\/wp-content\/uploads\/Kiivrid-2.jpg\",\"contentUrl\":\"https:\/\/www.liisbet.ee\/wp-content\/uploads\/Kiivrid-2.jpg\",\"width\":4500,\"height\":3000,\"caption\":\"Liisbet Betoon\"},\"image\":{\"@id\":\"https:\/\/liisbet.ee\/#\/schema\/logo\/image\/\"}}]}<\/script>\n<!-- \/ Yoast SEO plugin. -->","yoast_head_json":{"title":"P\u00e4\u00e4tuotteet - Liisbet Betoon","robots":{"index":"index","follow":"follow","max-snippet":"max-snippet:-1","max-image-preview":"max-image-preview:large","max-video-preview":"max-video-preview:-1"},"canonical":"https:\/\/www.liisbet.ee\/fi\/paatuotteet\/","og_locale":"fi_FI","og_type":"article","og_title":"P\u00e4\u00e4tuotteet - Liisbet Betoon","og_description":"Runko- ja sein\u00e4elementit P\u00e4\u00e4tuotteitamme ovat parvekkeet, pilarit, paalut, palkit, yksi- ja kolmekerroksiset sokkelielementit, perustukset ja palkkiharkot. &nbsp; Perustuselementit erikoistilauksesta Valmistamme muoteissa perustuselementtej\u00e4 moduuli- ja kantaverkkojen s\u00e4hk\u00f6asemiin. [\u2026]","og_url":"https:\/\/www.liisbet.ee\/fi\/paatuotteet\/","og_site_name":"Liisbet Betoon","article_modified_time":"2022-01-28T13:16:49+00:00","og_image":[{"url":"https:\/\/www.liisbet.ee\/wp-content\/uploads\/karkassi-jaseinaelemendid.jpg"}],"twitter_card":"summary_large_image","schema":{"@context":"https:\/\/schema.org","@graph":[{"@type":"WebPage","@id":"https:\/\/www.liisbet.ee\/fi\/paatuotteet\/","url":"https:\/\/www.liisbet.ee\/fi\/paatuotteet\/","name":"P\u00e4\u00e4tuotteet - Liisbet Betoon","isPartOf":{"@id":"https:\/\/liisbet.ee\/#website"},"primaryImageOfPage":{"@id":"https:\/\/www.liisbet.ee\/fi\/paatuotteet\/#primaryimage"},"image":{"@id":"https:\/\/www.liisbet.ee\/fi\/paatuotteet\/#primaryimage"},"thumbnailUrl":"https:\/\/www.liisbet.ee\/wp-content\/uploads\/karkassi-jaseinaelemendid.jpg","datePublished":"2015-02-03T19:00:37+00:00","dateModified":"2022-01-28T13:16:49+00:00","breadcrumb":{"@id":"https:\/\/www.liisbet.ee\/fi\/paatuotteet\/#breadcrumb"},"inLanguage":"fi","potentialAction":[{"@type":"ReadAction","target":["https:\/\/www.liisbet.ee\/fi\/paatuotteet\/"]}]},{"@type":"ImageObject","inLanguage":"fi","@id":"https:\/\/www.liisbet.ee\/fi\/paatuotteet\/#primaryimage","url":"https:\/\/www.liisbet.ee\/wp-content\/uploads\/karkassi-jaseinaelemendid.jpg","contentUrl":"https:\/\/www.liisbet.ee\/wp-content\/uploads\/karkassi-jaseinaelemendid.jpg"},{"@type":"BreadcrumbList","@id":"https:\/\/www.liisbet.ee\/fi\/paatuotteet\/#breadcrumb","itemListElement":[{"@type":"ListItem","position":1,"name":"Home","item":"https:\/\/www.liisbet.ee\/fi\/"},{"@type":"ListItem","position":2,"name":"P\u00e4\u00e4tuotteet"}]},{"@type":"WebSite","@id":"https:\/\/liisbet.ee\/#website","url":"https:\/\/liisbet.ee\/","name":"Liisbet Betoon","description":"","publisher":{"@id":"https:\/\/liisbet.ee\/#organization"},"potentialAction":[{"@type":"SearchAction","target":{"@type":"EntryPoint","urlTemplate":"https:\/\/liisbet.ee\/?s={search_term_string}"},"query-input":{"@type":"PropertyValueSpecification","valueRequired":true,"valueName":"search_term_string"}}],"inLanguage":"fi"},{"@type":"Organization","@id":"https:\/\/liisbet.ee\/#organization","name":"Liisbet Betoon","url":"https:\/\/liisbet.ee\/","logo":{"@type":"ImageObject","inLanguage":"fi","@id":"https:\/\/liisbet.ee\/#\/schema\/logo\/image\/","url":"https:\/\/www.liisbet.ee\/wp-content\/uploads\/Kiivrid-2.jpg","contentUrl":"https:\/\/www.liisbet.ee\/wp-content\/uploads\/Kiivrid-2.jpg","width":4500,"height":3000,"caption":"Liisbet Betoon"},"image":{"@id":"https:\/\/liisbet.ee\/#\/schema\/logo\/image\/"}}]}},"_links":{"self":[{"href":"https:\/\/www.liisbet.ee\/fi\/wp-json\/wp\/v2\/pages\/1029"}],"collection":[{"href":"https:\/\/www.liisbet.ee\/fi\/wp-json\/wp\/v2\/pages"}],"about":[{"href":"https:\/\/www.liisbet.ee\/fi\/wp-json\/wp\/v2\/types\/page"}],"author":[{"embeddable":true,"href":"https:\/\/www.liisbet.ee\/fi\/wp-json\/wp\/v2\/users\/1"}],"replies":[{"embeddable":true,"href":"https:\/\/www.liisbet.ee\/fi\/wp-json\/wp\/v2\/comments?post=1029"}],"version-history":[{"count":5,"href":"https:\/\/www.liisbet.ee\/fi\/wp-json\/wp\/v2\/pages\/1029\/revisions"}],"predecessor-version":[{"id":1370,"href":"https:\/\/www.liisbet.ee\/fi\/wp-json\/wp\/v2\/pages\/1029\/revisions\/1370"}],"wp:attachment":[{"href":"https:\/\/www.liisbet.ee\/fi\/wp-json\/wp\/v2\/media?parent=1029"}],"curies":[{"name":"wp","href":"https:\/\/api.w.org\/{rel}","templated":true}]}}